{"id":414,"date":"2025-07-22T11:15:12","date_gmt":"2025-07-22T08:15:12","guid":{"rendered":"https:\/\/lkw-service.eu\/privatumo-politika\/"},"modified":"2025-09-11T15:54:37","modified_gmt":"2025-09-11T12:54:37","slug":"privacy-policy","status":"publish","type":"page","link":"https:\/\/lkw-service.eu\/en\/privacy-policy\/","title":{"rendered":"Privacy policy"},"content":{"rendered":"\n<p>This Privacy Policy explains how\u00a0<strong>LKW Service, UAB<\/strong>\u00a0collects, uses and stores your personal data when you use our website and make inquiries through the contact form.<\/p>\n\n\n\n<h3 class=\"wp-block-heading\">What data do we collect?<\/h3>\n\n\n\n<p>Once you have completed the request form on our website, you provide the following personal data:<\/p>\n\n\n\n<ul class=\"wp-block-list\">\n<li>Name<\/li>\n\n\n\n<li>Phone number<\/li>\n\n\n\n<li>E-mail address<\/li>\n<\/ul>\n\n\n\n<h3 class=\"wp-block-heading\">For what purpose do we use this data?<\/h3>\n\n\n\n<p>The personal data provided is used only for:<\/p>\n\n\n\n<ul class=\"wp-block-list\">\n<li>contact you about your request,<\/li>\n\n\n\n<li>provide information about our service.<\/li>\n<\/ul>\n\n\n\n<p>The data is not transferred to third parties or used for marketing purposes.<\/p>\n\n\n\n<h3 class=\"wp-block-heading\">Who has access to your data?<\/h3>\n\n\n\n<p>Your data can only be seen by authorized employees of<strong>\u00a0LKW<\/strong>\u00a0<strong>Service, UAB<\/strong>\u00a0responsible for customer service. The data is not transferred or sold to any third parties.<\/p>\n\n\n\n<h3 class=\"wp-block-heading\">How long do we keep your personal data?<\/h3>\n\n\n\n<p>The data you provide is stored only for as long as it is necessary to respond to your request, but no longer than 12 months from the date of submission, unless further cooperation is established between us.<\/p>\n\n\n\n<h3 class=\"wp-block-heading\">Your rights<\/h3>\n\n\n\n<p>You shall have the right to:<\/p>\n\n\n\n<ul class=\"wp-block-list\">\n<li>to obtain information about what your data we process;<\/li>\n\n\n\n<li>request the correction of inaccurate data;<\/li>\n\n\n\n<li>request the deletion of your data;<\/li>\n<\/ul>\n\n\n\n<p>to withdraw your consent at any time by contacting us by e-mail: utena@lkw-service.eu.<\/p>\n\n\n\n<h3 class=\"wp-block-heading\">Data Controller<\/h3>\n\n\n\n<p><br>LKW Service, UAB<br>Company code: 306377961<br>Address: Auk\u0161tai\u010di\u0173 St. 4, LT-28216 Utena<br>E-mail: utena@lkw-service.eu<\/p>\n","protected":false},"excerpt":{"rendered":"<p>This Privacy Policy explains how\u00a0LKW Service, UAB\u00a0collects, uses and stores your personal data when you use our website and make inquiries through the contact form. What data do we collect? Once you have completed the request form on our website, you provide the following personal data: For what purpose do we use this data? The&hellip;<\/p>\n","protected":false},"author":1,"featured_media":0,"parent":0,"menu_order":0,"comment_status":"closed","ping_status":"closed","template":"","meta":{"footnotes":""},"class_list":["post-414","page","type-page","status-publish","hentry","description-off"],"yoast_head":"<!-- This site is optimized with the Yoast SEO plugin v27.0 - https:\/\/yoast.com\/product\/yoast-seo-wordpress\/ -->\n<title>Privacy policy - LKW Service<\/title>\n<meta name=\"robots\" content=\"index, follow, max-snippet:-1, max-image-preview:large, max-video-preview:-1\" \/>\n<link rel=\"canonical\" href=\"https:\/\/lkw-service.eu\/en\/privacy-policy\/\" \/>\n<meta property=\"og:locale\" content=\"en_US\" \/>\n<meta property=\"og:type\" content=\"article\" \/>\n<meta property=\"og:title\" content=\"Privacy policy - LKW Service\" \/>\n<meta property=\"og:description\" content=\"This Privacy Policy explains how\u00a0LKW Service, UAB\u00a0collects, uses and stores your personal data when you use our website and make inquiries through the contact form. What data do we collect? Once you have completed the request form on our website, you provide the following personal data: For what purpose do we use this data? The&hellip;\" \/>\n<meta property=\"og:url\" content=\"https:\/\/lkw-service.eu\/en\/privacy-policy\/\" \/>\n<meta property=\"og:site_name\" content=\"LKW Service\" \/>\n<meta property=\"article:modified_time\" content=\"2025-09-11T12:54:37+00:00\" \/>\n<meta property=\"og:image\" content=\"https:\/\/lkw-service.eu\/wp-content\/uploads\/2025\/07\/20241216_103115.jpg\" \/>\n\t<meta property=\"og:image:width\" content=\"2312\" \/>\n\t<meta property=\"og:image:height\" content=\"1734\" \/>\n\t<meta property=\"og:image:type\" content=\"image\/jpeg\" \/>\n<meta name=\"twitter:card\" content=\"summary_large_image\" \/>\n<meta name=\"twitter:label1\" content=\"Est. reading time\" \/>\n\t<meta name=\"twitter:data1\" content=\"1 minute\" \/>\n<script type=\"application\/ld+json\" class=\"yoast-schema-graph\">{\"@context\":\"https:\/\/schema.org\",\"@graph\":[{\"@type\":\"WebPage\",\"@id\":\"https:\/\/lkw-service.eu\/en\/privacy-policy\/\",\"url\":\"https:\/\/lkw-service.eu\/en\/privacy-policy\/\",\"name\":\"Privacy policy - LKW Service\",\"isPartOf\":{\"@id\":\"https:\/\/lkw-service.eu\/#website\"},\"datePublished\":\"2025-07-22T08:15:12+00:00\",\"dateModified\":\"2025-09-11T12:54:37+00:00\",\"breadcrumb\":{\"@id\":\"https:\/\/lkw-service.eu\/en\/privacy-policy\/#breadcrumb\"},\"inLanguage\":\"en-US\",\"potentialAction\":[{\"@type\":\"ReadAction\",\"target\":[\"https:\/\/lkw-service.eu\/en\/privacy-policy\/\"]}]},{\"@type\":\"BreadcrumbList\",\"@id\":\"https:\/\/lkw-service.eu\/en\/privacy-policy\/#breadcrumb\",\"itemListElement\":[{\"@type\":\"ListItem\",\"position\":1,\"name\":\"Home\",\"item\":\"https:\/\/lkw-service.eu\/en\/\"},{\"@type\":\"ListItem\",\"position\":2,\"name\":\"Privacy policy\"}]},{\"@type\":\"WebSite\",\"@id\":\"https:\/\/lkw-service.eu\/#website\",\"url\":\"https:\/\/lkw-service.eu\/\",\"name\":\"LKW Service\",\"description\":\"\",\"potentialAction\":[{\"@type\":\"SearchAction\",\"target\":{\"@type\":\"EntryPoint\",\"urlTemplate\":\"https:\/\/lkw-service.eu\/?s={search_term_string}\"},\"query-input\":{\"@type\":\"PropertyValueSpecification\",\"valueRequired\":true,\"valueName\":\"search_term_string\"}}],\"inLanguage\":\"en-US\"}]}<\/script>\n<!-- \/ Yoast SEO plugin. -->","yoast_head_json":{"title":"Privacy policy - LKW Service","robots":{"index":"index","follow":"follow","max-snippet":"max-snippet:-1","max-image-preview":"max-image-preview:large","max-video-preview":"max-video-preview:-1"},"canonical":"https:\/\/lkw-service.eu\/en\/privacy-policy\/","og_locale":"en_US","og_type":"article","og_title":"Privacy policy - LKW Service","og_description":"This Privacy Policy explains how\u00a0LKW Service, UAB\u00a0collects, uses and stores your personal data when you use our website and make inquiries through the contact form. What data do we collect? Once you have completed the request form on our website, you provide the following personal data: For what purpose do we use this data? The&hellip;","og_url":"https:\/\/lkw-service.eu\/en\/privacy-policy\/","og_site_name":"LKW Service","article_modified_time":"2025-09-11T12:54:37+00:00","og_image":[{"width":2312,"height":1734,"url":"https:\/\/lkw-service.eu\/wp-content\/uploads\/2025\/07\/20241216_103115.jpg","type":"image\/jpeg"}],"twitter_card":"summary_large_image","twitter_misc":{"Est. reading time":"1 minute"},"schema":{"@context":"https:\/\/schema.org","@graph":[{"@type":"WebPage","@id":"https:\/\/lkw-service.eu\/en\/privacy-policy\/","url":"https:\/\/lkw-service.eu\/en\/privacy-policy\/","name":"Privacy policy - LKW Service","isPartOf":{"@id":"https:\/\/lkw-service.eu\/#website"},"datePublished":"2025-07-22T08:15:12+00:00","dateModified":"2025-09-11T12:54:37+00:00","breadcrumb":{"@id":"https:\/\/lkw-service.eu\/en\/privacy-policy\/#breadcrumb"},"inLanguage":"en-US","potentialAction":[{"@type":"ReadAction","target":["https:\/\/lkw-service.eu\/en\/privacy-policy\/"]}]},{"@type":"BreadcrumbList","@id":"https:\/\/lkw-service.eu\/en\/privacy-policy\/#breadcrumb","itemListElement":[{"@type":"ListItem","position":1,"name":"Home","item":"https:\/\/lkw-service.eu\/en\/"},{"@type":"ListItem","position":2,"name":"Privacy policy"}]},{"@type":"WebSite","@id":"https:\/\/lkw-service.eu\/#website","url":"https:\/\/lkw-service.eu\/","name":"LKW Service","description":"","potentialAction":[{"@type":"SearchAction","target":{"@type":"EntryPoint","urlTemplate":"https:\/\/lkw-service.eu\/?s={search_term_string}"},"query-input":{"@type":"PropertyValueSpecification","valueRequired":true,"valueName":"search_term_string"}}],"inLanguage":"en-US"}]}},"_links":{"self":[{"href":"https:\/\/lkw-service.eu\/en\/wp-json\/wp\/v2\/pages\/414","targetHints":{"allow":["GET"]}}],"collection":[{"href":"https:\/\/lkw-service.eu\/en\/wp-json\/wp\/v2\/pages"}],"about":[{"href":"https:\/\/lkw-service.eu\/en\/wp-json\/wp\/v2\/types\/page"}],"author":[{"embeddable":true,"href":"https:\/\/lkw-service.eu\/en\/wp-json\/wp\/v2\/users\/1"}],"replies":[{"embeddable":true,"href":"https:\/\/lkw-service.eu\/en\/wp-json\/wp\/v2\/comments?post=414"}],"version-history":[{"count":2,"href":"https:\/\/lkw-service.eu\/en\/wp-json\/wp\/v2\/pages\/414\/revisions"}],"predecessor-version":[{"id":483,"href":"https:\/\/lkw-service.eu\/en\/wp-json\/wp\/v2\/pages\/414\/revisions\/483"}],"wp:attachment":[{"href":"https:\/\/lkw-service.eu\/en\/wp-json\/wp\/v2\/media?parent=414"}],"curies":[{"name":"wp","href":"https:\/\/api.w.org\/{rel}","templated":true}]}}