{"id":344,"date":"2025-07-22T14:47:55","date_gmt":"2025-07-22T11:47:55","guid":{"rendered":"https:\/\/lkw-service.eu\/sunkvezimiu-serviso-paslaugu-uzklausa\/"},"modified":"2025-08-26T20:46:17","modified_gmt":"2025-08-26T17:46:17","slug":"reparaturanfrage","status":"publish","type":"page","link":"https:\/\/lkw-service.eu\/de\/reparaturanfrage\/","title":{"rendered":"Reparaturanfrage"},"content":{"rendered":"<div class=\"wpb-content-wrapper\"><p>[vc_row css=&#8220;.vc_custom_1753621134330{margin-top: -40px !important;}&#8220;][vc_column width=&#8220;1\/6&#8243;][\/vc_column][vc_column width=&#8220;2\/3&#8243;]<style id=\"wpforms-css-vars-379\">\n\t\t\t\t#wpforms-379 {\n\t\t\t\t--wpforms-field-size-input-height: 43px;\n--wpforms-field-size-input-spacing: 15px;\n--wpforms-field-size-font-size: 16px;\n--wpforms-field-size-line-height: 19px;\n--wpforms-field-size-padding-h: 14px;\n--wpforms-field-size-checkbox-size: 16px;\n--wpforms-field-size-sublabel-spacing: 5px;\n--wpforms-field-size-icon-size: 1;\n--wpforms-label-size-font-size: 16px;\n--wpforms-label-size-line-height: 19px;\n--wpforms-label-size-sublabel-font-size: 14px;\n--wpforms-label-size-sublabel-line-height: 17px;\n--wpforms-button-size-font-size: 17px;\n--wpforms-button-size-height: 41px;\n--wpforms-button-size-padding-h: 15px;\n--wpforms-button-size-margin-top: 10px;\n--wpforms-container-shadow-size-box-shadow: none;\n\t\t\t}\n\t\t\t<\/style><div class=\"wpforms-container wpforms-container-full wpf-center-button wpforms-render-modern\" id=\"wpforms-379\"><form id=\"wpforms-form-379\" class=\"wpforms-validate wpforms-form wpforms-ajax-form\" data-formid=\"379\" method=\"post\" enctype=\"multipart\/form-data\" action=\"\/de\/wp-json\/wp\/v2\/pages\/344?wpforms_form_id=379\" data-token=\"77c096801c21dc2cd158b0d9cc584bc8\" data-token-time=\"1776300440\"><noscript class=\"wpforms-error-noscript\">Bitte aktiviere JavaScript in deinem Browser, um dieses Formular fertigzustellen.<\/noscript><div id=\"wpforms-error-noscript\" style=\"display: none;\">Bitte aktiviere JavaScript in deinem Browser, um dieses Formular fertigzustellen.<\/div><div class=\"wpforms-field-container\">\t\t<div id=\"wpforms-379-field_2-container\"\n\t\t\tclass=\"wpforms-field wpforms-field-text\"\n\t\t\tdata-field-type=\"text\"\n\t\t\tdata-field-id=\"2\"\n\t\t\t>\n\t\t\t<label class=\"wpforms-field-label\" for=\"wpforms-379-field_2\" >Service Telefonnummer einen<\/label>\n\t\t\t<input type=\"text\" id=\"wpforms-379-field_2\" class=\"wpforms-field-medium\" name=\"wpforms[fields][2]\" >\n\t\t<\/div>\n\t\t<div id=\"wpforms-379-field_9-container\" class=\"wpforms-field wpforms-field-layout\" data-field-id=\"9\"><div class=\"wpforms-field-layout-rows wpforms-field-large\"><div class=\"wpforms-layout-row\"><div class=\"wpforms-layout-column wpforms-layout-column-50\"><div id=\"wpforms-379-field_6-container\" class=\"wpforms-field wpforms-field-select wpforms-field-select-style-classic\" data-field-id=\"6\"><label class=\"wpforms-field-label\" for=\"wpforms-379-field_6\">Bitte w\u00e4hlen Sie einen Service aus <span class=\"wpforms-required-label\" aria-hidden=\"true\">*<\/span><\/label><select id=\"wpforms-379-field_6\" class=\"wpforms-field-medium wpforms-field-required\" name=\"wpforms[fields][6]\" required=\"required\"><option value=\"\" class=\"placeholder\" disabled  selected='selected'>--- Bitte w\u00e4hlen Sie ---<\/option><option value=\"Auk\u0161tai\u010di\u0173 g. 4, Utena, Litauen\"  class=\"choice-1 depth-1\"  >Auk\u0161tai\u010di\u0173 g. 4, Utena, Litauen<\/option><option value=\"Kollberg 5, Isernhagen, Deutschland\"  class=\"choice-2 depth-1\"  >Kollberg 5, Isernhagen, Deutschland<\/option><option value=\"\u00dcber der Dingelstelle 12, 39171 S\u00fclzetal OT Langenweddingen, Deutschland\"  class=\"choice-3 depth-1\"  >\u00dcber der Dingelstelle 12, 39171 S\u00fclzetal OT Langenweddingen, Deutschland<\/option><\/select><\/div><\/div><div class=\"wpforms-layout-column wpforms-layout-column-50\"><div id=\"wpforms-379-field_1-container\" class=\"wpforms-field wpforms-field-text\" data-field-id=\"1\"><label class=\"wpforms-field-label\" for=\"wpforms-379-field_1\">Ihr Name  <span class=\"wpforms-required-label\" aria-hidden=\"true\">*<\/span><\/label><input type=\"text\" id=\"wpforms-379-field_1\" class=\"wpforms-field-medium wpforms-field-required\" name=\"wpforms[fields][1]\" aria-errormessage=\"wpforms-379-field_1-error\" required><\/div><\/div><\/div><div class=\"wpforms-layout-row\"><div class=\"wpforms-layout-column wpforms-layout-column-50\"><div id=\"wpforms-379-field_3-container\" class=\"wpforms-field wpforms-field-email\" data-field-id=\"3\"><label class=\"wpforms-field-label\" for=\"wpforms-379-field_3\">E-Mail  <span class=\"wpforms-required-label\" aria-hidden=\"true\">*<\/span><\/label><input type=\"email\" id=\"wpforms-379-field_3\" class=\"wpforms-field-medium wpforms-field-required\" name=\"wpforms[fields][3]\" spellcheck=\"false\" aria-errormessage=\"wpforms-379-field_3-error\" required><\/div><\/div><div class=\"wpforms-layout-column wpforms-layout-column-50\"><div id=\"wpforms-379-field_4-container\" class=\"wpforms-field wpforms-field-text\" data-field-id=\"4\"><label class=\"wpforms-field-label\" for=\"wpforms-379-field_4\">Telefonnummer <span class=\"wpforms-required-label\" aria-hidden=\"true\">*<\/span><\/label><input type=\"text\" id=\"wpforms-379-field_4\" class=\"wpforms-field-medium wpforms-field-required\" name=\"wpforms[fields][4]\" aria-errormessage=\"wpforms-379-field_4-error\" required><\/div><\/div><\/div><div class=\"wpforms-layout-row\"><div class=\"wpforms-layout-column wpforms-layout-column-50\"><div id=\"wpforms-379-field_5-container\" class=\"wpforms-field wpforms-field-select wpforms-field-select-style-classic\" data-field-id=\"5\"><label class=\"wpforms-field-label\" for=\"wpforms-379-field_5\">Typ des Transportmittels  <span class=\"wpforms-required-label\" aria-hidden=\"true\">*<\/span><\/label><select id=\"wpforms-379-field_5\" class=\"wpforms-field-medium wpforms-field-required\" name=\"wpforms[fields][5]\" required=\"required\"><option value=\"\" class=\"placeholder\" disabled  selected='selected'>--- Bitte w\u00e4hlen Sie ---<\/option><option value=\"Sattelzugmaschine\"  class=\"choice-1 depth-1\"  >Sattelzugmaschine<\/option><option value=\"Autotransporter\"  class=\"choice-2 depth-1\"  >Autotransporter<\/option><option value=\"Auflieger\"  class=\"choice-6 depth-1\"  >Auflieger<\/option><option value=\"Sattelauflieger\"  class=\"choice-5 depth-1\"  >Sattelauflieger<\/option><option value=\"Aufbauten\"  class=\"choice-4 depth-1\"  >Aufbauten<\/option><option value=\"Kleinbus\"  class=\"choice-7 depth-1\"  >Kleinbus<\/option><option value=\"Sonstiges\"  class=\"choice-3 depth-1\"  >Sonstiges<\/option><\/select><\/div><\/div><div class=\"wpforms-layout-column wpforms-layout-column-50\"><div id=\"wpforms-379-field_18-container\" class=\"wpforms-field wpforms-field-text\" data-field-id=\"18\"><label class=\"wpforms-field-label\" for=\"wpforms-379-field_18\">Gew\u00fcnschtes Datum und Uhrzeit f\u00fcr die Abholung <span class=\"wpforms-required-label\" aria-hidden=\"true\">*<\/span><\/label><input type=\"text\" id=\"wpforms-379-field_18\" class=\"wpforms-field-medium wpforms-field-required\" name=\"wpforms[fields][18]\" aria-errormessage=\"wpforms-379-field_18-error\" required><\/div><\/div><\/div><div class=\"wpforms-layout-row\"><div class=\"wpforms-layout-column wpforms-layout-column-50\"><div id=\"wpforms-379-field_13-container\" class=\"wpforms-field wpforms-field-text\" data-field-id=\"13\"><label class=\"wpforms-field-label\" for=\"wpforms-379-field_13\">Fahrgestellnummer  <span class=\"wpforms-required-label\" aria-hidden=\"true\">*<\/span><\/label><input type=\"text\" id=\"wpforms-379-field_13\" class=\"wpforms-field-medium wpforms-field-required\" name=\"wpforms[fields][13]\" aria-errormessage=\"wpforms-379-field_13-error\" required><\/div><\/div><div class=\"wpforms-layout-column wpforms-layout-column-50\"><div id=\"wpforms-379-field_14-container\" class=\"wpforms-field wpforms-field-text\" data-field-id=\"14\"><label class=\"wpforms-field-label\" for=\"wpforms-379-field_14\">Amtliches Kennzeichen  <span class=\"wpforms-required-label\" aria-hidden=\"true\">*<\/span><\/label><input type=\"text\" id=\"wpforms-379-field_14\" class=\"wpforms-field-medium wpforms-field-required\" name=\"wpforms[fields][14]\" aria-errormessage=\"wpforms-379-field_14-error\" required><\/div><\/div><\/div><\/div><\/div><div id=\"wpforms-379-field_7-container\" class=\"wpforms-field wpforms-field-textarea\" data-field-id=\"7\"><label class=\"wpforms-field-label\" for=\"wpforms-379-field_7\">Fehler \/ Probleme  <span class=\"wpforms-required-label\" aria-hidden=\"true\">*<\/span><\/label><textarea id=\"wpforms-379-field_7\" class=\"wpforms-field-medium wpforms-field-required\" name=\"wpforms[fields][7]\" aria-errormessage=\"wpforms-379-field_7-error\" aria-describedby=\"wpforms-379-field_7-description\" required><\/textarea><div id=\"wpforms-379-field_7-description\" class=\"wpforms-field-description\">Bitte beschreiben Sie kurz die Probleme oder Fehler.<\/div><\/div><div id=\"wpforms-379-field_8-container\" class=\"wpforms-field wpforms-field-file-upload\" data-field-id=\"8\"><label class=\"wpforms-field-label\" for=\"wpforms-379-field_8\">Fotos<\/label><div\n\t\tclass=\"wpforms-uploader \"\n\t\tdata-field-id=\"8\"\n\t\tdata-form-id=\"379\"\n\t\tdata-input-name=\"wpforms_379_8\"\n\t\tdata-extensions=\"jpg,png,jpeg,heic,pdf\"\n\t\tdata-max-size=\"10485760\"\n\t\tdata-max-file-number=\"10\"\n\t\tdata-post-max-size=\"134217728\"\n\t\tdata-max-parallel-uploads=\"4\"\n\t\tdata-parallel-uploads=\"true\"\n\t\tdata-file-chunk-size=\"2097152\">\n\t<div class=\"dz-message\">\n\t\t<svg  viewBox=\"0 0 640 640\" focusable=\"false\" data-icon=\"inbox\" width=\"50px\" height=\"50px\" fill=\"currentColor\" aria-hidden=\"true\">\n\t\t\t<path d=\"M352 173.3L352 384C352 401.7 337.7 416 320 416C302.3 416 288 401.7 288 384L288 173.3L246.6 214.7C234.1 227.2 213.8 227.2 201.3 214.7C188.8 202.2 188.8 181.9 201.3 169.4L297.3 73.4C309.8 60.9 330.1 60.9 342.6 73.4L438.6 169.4C451.1 181.9 451.1 202.2 438.6 214.7C426.1 227.2 405.8 227.2 393.3 214.7L352 173.3zM320 464C364.2 464 400 428.2 400 384L480 384C515.3 384 544 412.7 544 448L544 480C544 515.3 515.3 544 480 544L160 544C124.7 544 96 515.3 96 480L96 448C96 412.7 124.7 384 160 384L240 384C240 428.2 275.8 464 320 464zM464 488C477.3 488 488 477.3 488 464C488 450.7 477.3 440 464 440C450.7 440 440 450.7 440 464C440 477.3 450.7 488 464 488z\"\/>\n\t\t<\/svg>\n\n\t\t<span class=\"modern-title\">\n\t\t\t\t\t\t\tDrag &amp; Drop Files, \t\t\t\t<span>Choose Files to Upload<\/span>\n\t\t\t\t\t<\/span>\n\n\t\t\t\t\t<span class=\"modern-hint\">Du kannst bis zu 10 Dateien hochladen.<\/span>\n\t\t\t<\/div>\n<\/div>\n\n<input\n\t\ttype=\"text\"\n\t\tautocomplete=\"off\"\n\t\treadonly\n\t\tclass=\"dropzone-input\"\n\t\tstyle=\"position:absolute!important;clip:rect(0,0,0,0)!important;height:1px!important;width:1px!important;border:0!important;overflow:hidden!important;padding:0!important;margin:0!important;\"\n\t\tid=\"wpforms-379-field_8\"\n\t\tname=\"wpforms_379_8\" \t\tvalue=\"\">\n<\/div><div id=\"wpforms-379-field_11-container\" class=\"wpforms-field wpforms-field-checkbox\" data-field-id=\"11\"><fieldset><legend class=\"wpforms-field-label wpforms-label-hide\" aria-hidden=\"false\">Privacy <span class=\"wpforms-required-label\" aria-hidden=\"true\">*<\/span><\/legend><ul id=\"wpforms-379-field_11\" class=\"wpforms-field-required\"><li class=\"choice-1 depth-1\"><input type=\"checkbox\" id=\"wpforms-379-field_11_1\" name=\"wpforms[fields][11][]\" value=\"Ich stimme der &lt;a href=&quot;\/de\/datenschutzerklaerung\/&quot; target=&quot;_blank&quot;&gt;Datenschutzerkl\u00e4rung&lt;\/a&gt; zu *\" aria-errormessage=\"wpforms-379-field_11_1-error\" required ><label class=\"wpforms-field-label-inline\" for=\"wpforms-379-field_11_1\">Ich stimme der <a href=\"\/de\/datenschutzerklaerung\/\" target=\"_blank\">Datenschutzerkl\u00e4rung<\/a> zu *<\/label><\/li><\/ul><\/fieldset><\/div><script>\n\t\t\t\t( function() {\n\t\t\t\t\tconst style = document.createElement( 'style' );\n\t\t\t\t\tstyle.appendChild( document.createTextNode( '#wpforms-379-field_2-container { position: absolute !important; overflow: hidden !important; display: inline !important; height: 1px !important; width: 1px !important; z-index: -1000 !important; padding: 0 !important; } #wpforms-379-field_2-container input { visibility: hidden; } #wpforms-conversational-form-page #wpforms-379-field_2-container label { counter-increment: none; }' ) );\n\t\t\t\t\tdocument.head.appendChild( style );\n\t\t\t\t\tdocument.currentScript?.remove();\n\t\t\t\t} )();\n\t\t\t<\/script><\/div><!-- .wpforms-field-container --><div class=\"wpforms-submit-container\" ><input type=\"hidden\" name=\"wpforms[id]\" value=\"379\"><input type=\"hidden\" name=\"page_title\" value=\"\"><input type=\"hidden\" name=\"page_url\" value=\"https:\/\/lkw-service.eu\/de\/wp-json\/wp\/v2\/pages\/344\"><input type=\"hidden\" name=\"url_referer\" value=\"\"><button type=\"submit\" name=\"wpforms[submit]\" id=\"wpforms-submit-379\" class=\"wpforms-submit\" data-alt-text=\"Wird gesendet...\" data-submit-text=\"Anfrage stellen\" aria-live=\"assertive\" value=\"wpforms-submit\">Anfrage stellen<\/button><img loading=\"lazy\" decoding=\"async\" src=\"https:\/\/lkw-service.eu\/wp-content\/plugins\/wpforms\/assets\/images\/submit-spin.svg\" class=\"wpforms-submit-spinner\" style=\"display: none;\" width=\"26\" height=\"26\" alt=\"Wird geladen\"><\/div><\/form><\/div>  <!-- .wpforms-container -->[\/vc_column][vc_column width=&#8220;1\/6&#8243;][\/vc_column][\/vc_row]<\/p>\n<\/div>","protected":false},"excerpt":{"rendered":"<p>[vc_row css=&#8220;.vc_custom_1753621134330{margin-top: -40px !important;}&#8220;][vc_column width=&#8220;1\/6&#8243;][\/vc_column][vc_column width=&#8220;2\/3&#8243;][\/vc_column][vc_column width=&#8220;1\/6&#8243;][\/vc_column][\/vc_row]<\/p>\n","protected":false},"author":1,"featured_media":0,"parent":0,"menu_order":0,"comment_status":"closed","ping_status":"closed","template":"","meta":{"footnotes":""},"class_list":["post-344","page","type-page","status-publish","hentry","description-off"],"yoast_head":"<!-- This site is optimized with the Yoast SEO plugin v27.0 - https:\/\/yoast.com\/product\/yoast-seo-wordpress\/ -->\n<title>Reparaturanfrage - LKW Service<\/title>\n<meta name=\"robots\" content=\"index, follow, max-snippet:-1, max-image-preview:large, max-video-preview:-1\" \/>\n<link rel=\"canonical\" href=\"https:\/\/lkw-service.eu\/sunkvezimiu-serviso-paslaugu-uzklausa\/\" \/>\n<meta property=\"og:locale\" content=\"de_DE\" \/>\n<meta property=\"og:type\" content=\"article\" \/>\n<meta property=\"og:title\" content=\"Reparaturanfrage - LKW Service\" \/>\n<meta property=\"og:description\" content=\"[vc_row css=&#8220;.vc_custom_1753621134330{margin-top: -40px !important;}&#8220;][vc_column width=&#8220;1\/6&#8243;][\/vc_column][vc_column width=&#8220;2\/3&#8243;][\/vc_column][vc_column width=&#8220;1\/6&#8243;][\/vc_column][\/vc_row]\" \/>\n<meta property=\"og:url\" content=\"https:\/\/lkw-service.eu\/sunkvezimiu-serviso-paslaugu-uzklausa\/\" \/>\n<meta property=\"og:site_name\" content=\"LKW Service\" \/>\n<meta property=\"article:modified_time\" content=\"2025-08-26T17:46:17+00:00\" \/>\n<meta property=\"og:image\" content=\"https:\/\/lkw-service.eu\/wp-content\/uploads\/2025\/07\/20241216_103115.jpg\" \/>\n\t<meta property=\"og:image:width\" content=\"2312\" \/>\n\t<meta property=\"og:image:height\" content=\"1734\" \/>\n\t<meta property=\"og:image:type\" content=\"image\/jpeg\" \/>\n<meta name=\"twitter:card\" content=\"summary_large_image\" \/>\n<script type=\"application\/ld+json\" class=\"yoast-schema-graph\">{\"@context\":\"https:\/\/schema.org\",\"@graph\":[{\"@type\":\"WebPage\",\"@id\":\"https:\/\/lkw-service.eu\/sunkvezimiu-serviso-paslaugu-uzklausa\/\",\"url\":\"https:\/\/lkw-service.eu\/sunkvezimiu-serviso-paslaugu-uzklausa\/\",\"name\":\"Reparaturanfrage - LKW Service\",\"isPartOf\":{\"@id\":\"https:\/\/lkw-service.eu\/#website\"},\"datePublished\":\"2025-07-22T11:47:55+00:00\",\"dateModified\":\"2025-08-26T17:46:17+00:00\",\"breadcrumb\":{\"@id\":\"https:\/\/lkw-service.eu\/sunkvezimiu-serviso-paslaugu-uzklausa\/#breadcrumb\"},\"inLanguage\":\"de\",\"potentialAction\":[{\"@type\":\"ReadAction\",\"target\":[\"https:\/\/lkw-service.eu\/sunkvezimiu-serviso-paslaugu-uzklausa\/\"]}]},{\"@type\":\"BreadcrumbList\",\"@id\":\"https:\/\/lkw-service.eu\/sunkvezimiu-serviso-paslaugu-uzklausa\/#breadcrumb\",\"itemListElement\":[{\"@type\":\"ListItem\",\"position\":1,\"name\":\"Home\",\"item\":\"https:\/\/lkw-service.eu\/de\/\"},{\"@type\":\"ListItem\",\"position\":2,\"name\":\"Reparaturanfrage\"}]},{\"@type\":\"WebSite\",\"@id\":\"https:\/\/lkw-service.eu\/#website\",\"url\":\"https:\/\/lkw-service.eu\/\",\"name\":\"LKW Service\",\"description\":\"\",\"potentialAction\":[{\"@type\":\"SearchAction\",\"target\":{\"@type\":\"EntryPoint\",\"urlTemplate\":\"https:\/\/lkw-service.eu\/?s={search_term_string}\"},\"query-input\":{\"@type\":\"PropertyValueSpecification\",\"valueRequired\":true,\"valueName\":\"search_term_string\"}}],\"inLanguage\":\"de\"}]}<\/script>\n<!-- \/ Yoast SEO plugin. -->","yoast_head_json":{"title":"Reparaturanfrage - LKW Service","robots":{"index":"index","follow":"follow","max-snippet":"max-snippet:-1","max-image-preview":"max-image-preview:large","max-video-preview":"max-video-preview:-1"},"canonical":"https:\/\/lkw-service.eu\/sunkvezimiu-serviso-paslaugu-uzklausa\/","og_locale":"de_DE","og_type":"article","og_title":"Reparaturanfrage - LKW Service","og_description":"[vc_row css=&#8220;.vc_custom_1753621134330{margin-top: -40px !important;}&#8220;][vc_column width=&#8220;1\/6&#8243;][\/vc_column][vc_column width=&#8220;2\/3&#8243;][\/vc_column][vc_column width=&#8220;1\/6&#8243;][\/vc_column][\/vc_row]","og_url":"https:\/\/lkw-service.eu\/sunkvezimiu-serviso-paslaugu-uzklausa\/","og_site_name":"LKW Service","article_modified_time":"2025-08-26T17:46:17+00:00","og_image":[{"width":2312,"height":1734,"url":"https:\/\/lkw-service.eu\/wp-content\/uploads\/2025\/07\/20241216_103115.jpg","type":"image\/jpeg"}],"twitter_card":"summary_large_image","schema":{"@context":"https:\/\/schema.org","@graph":[{"@type":"WebPage","@id":"https:\/\/lkw-service.eu\/sunkvezimiu-serviso-paslaugu-uzklausa\/","url":"https:\/\/lkw-service.eu\/sunkvezimiu-serviso-paslaugu-uzklausa\/","name":"Reparaturanfrage - LKW Service","isPartOf":{"@id":"https:\/\/lkw-service.eu\/#website"},"datePublished":"2025-07-22T11:47:55+00:00","dateModified":"2025-08-26T17:46:17+00:00","breadcrumb":{"@id":"https:\/\/lkw-service.eu\/sunkvezimiu-serviso-paslaugu-uzklausa\/#breadcrumb"},"inLanguage":"de","potentialAction":[{"@type":"ReadAction","target":["https:\/\/lkw-service.eu\/sunkvezimiu-serviso-paslaugu-uzklausa\/"]}]},{"@type":"BreadcrumbList","@id":"https:\/\/lkw-service.eu\/sunkvezimiu-serviso-paslaugu-uzklausa\/#breadcrumb","itemListElement":[{"@type":"ListItem","position":1,"name":"Home","item":"https:\/\/lkw-service.eu\/de\/"},{"@type":"ListItem","position":2,"name":"Reparaturanfrage"}]},{"@type":"WebSite","@id":"https:\/\/lkw-service.eu\/#website","url":"https:\/\/lkw-service.eu\/","name":"LKW Service","description":"","potentialAction":[{"@type":"SearchAction","target":{"@type":"EntryPoint","urlTemplate":"https:\/\/lkw-service.eu\/?s={search_term_string}"},"query-input":{"@type":"PropertyValueSpecification","valueRequired":true,"valueName":"search_term_string"}}],"inLanguage":"de"}]}},"_links":{"self":[{"href":"https:\/\/lkw-service.eu\/de\/wp-json\/wp\/v2\/pages\/344","targetHints":{"allow":["GET"]}}],"collection":[{"href":"https:\/\/lkw-service.eu\/de\/wp-json\/wp\/v2\/pages"}],"about":[{"href":"https:\/\/lkw-service.eu\/de\/wp-json\/wp\/v2\/types\/page"}],"author":[{"embeddable":true,"href":"https:\/\/lkw-service.eu\/de\/wp-json\/wp\/v2\/users\/1"}],"replies":[{"embeddable":true,"href":"https:\/\/lkw-service.eu\/de\/wp-json\/wp\/v2\/comments?post=344"}],"version-history":[{"count":2,"href":"https:\/\/lkw-service.eu\/de\/wp-json\/wp\/v2\/pages\/344\/revisions"}],"predecessor-version":[{"id":382,"href":"https:\/\/lkw-service.eu\/de\/wp-json\/wp\/v2\/pages\/344\/revisions\/382"}],"wp:attachment":[{"href":"https:\/\/lkw-service.eu\/de\/wp-json\/wp\/v2\/media?parent=344"}],"curies":[{"name":"wp","href":"https:\/\/api.w.org\/{rel}","templated":true}]}}