{"id":341,"date":"2025-07-22T11:15:12","date_gmt":"2025-07-22T08:15:12","guid":{"rendered":"https:\/\/lkw-service.eu\/privatumo-politika\/"},"modified":"2025-09-09T20:34:04","modified_gmt":"2025-09-09T17:34:04","slug":"datenschutzerklaerung","status":"publish","type":"page","link":"https:\/\/lkw-service.eu\/de\/datenschutzerklaerung\/","title":{"rendered":"Datenschutzerkl\u00e4rung"},"content":{"rendered":"\n<p>Diese Datenschutzerkl\u00e4rung erl\u00e4utert, wie UAB \u201e<strong>LKW Service<\/strong>\u201c Ihre personenbezogenen Daten speichert, verwendet und sch\u00fctzt, wenn Sie unsere Website nutzen und Anfragen \u00fcber das Kontaktformular stellen.<\/p>\n\n\n\n<h3 class=\"wp-block-heading\">Welche Daten speichern wir?<\/h3>\n\n\n\n<p>Wenn Sie das Kontaktformular auf unserer Website ausf\u00fcllen, \u00fcbermitteln Sie uns folgende personenbezogene Daten:<\/p>\n\n\n\n<ul class=\"wp-block-list\">\n<li>Vorname, Name<\/li>\n\n\n\n<li>Telefonnummer<\/li>\n\n\n\n<li>E-Mail-Adresse<\/li>\n<\/ul>\n\n\n\n<h3 class=\"wp-block-heading\">Zu welchem Zweck verwenden wir diese Daten?<\/h3>\n\n\n\n<p>Die \u00fcbermittelten personenbezogenen Daten werden ausschlie\u00dflich zu folgenden Zwecken verwendet:<\/p>\n\n\n\n<ul class=\"wp-block-list\">\n<li>Kontaktaufnahme mit Ihnen bez\u00fcglich Ihrer Anfrage,<\/li>\n\n\n\n<li>Bereitstellung von Informationen \u00fcber unsere Dienstleistungen.<\/li>\n<\/ul>\n\n\n\n<p>Die Daten werden nicht an Dritte weitergegeben oder f\u00fcr Marketingzwecke verwendet.<\/p>\n\n\n\n<h3 class=\"wp-block-heading\">Wer hat Zugang zu Ihren Daten?<\/h3>\n\n\n\n<p>Ihre Daten sind nur f\u00fcr bevollm\u00e4chtigte Mitarbeiter von UAB \u201e<strong>LKW Service<\/strong>\u201c, die f\u00fcr den Kundenservice zust\u00e4ndig sind, zug\u00e4nglich. Die Daten werden nicht an Dritte weitergegeben oder verkauft.<\/p>\n\n\n\n<h3 class=\"wp-block-heading\">Wie lange speichern wir Ihre Daten?<\/h3>\n\n\n\n<p>Die von Ihnen \u00fcbermittelten Daten werden nur f\u00fcr den Zeitraum der Bearbeitung Ihrer Anfrage gespeichert, jedoch nicht l\u00e4nger als 12&nbsp;Monate ab dem Datum der \u00dcbermittlung, es sei denn, es kommt zu einer weiteren Zusammenarbeit zwischen uns.<\/p>\n\n\n\n<h3 class=\"wp-block-heading\">Ihre Rechte<\/h3>\n\n\n\n<p>Sie haben das Recht:<\/p>\n\n\n\n<ul class=\"wp-block-list\">\n<li>Informationen dar\u00fcber zu erhalten, welche Ihrer Daten wir verarbeiten;<\/li>\n\n\n\n<li>die Berichtigung unrichtiger Daten zu verlangen;<\/li>\n\n\n\n<li>die L\u00f6schung Ihrer Daten zu verlangen;<\/li>\n\n\n\n<li>Ihre Einwilligung jederzeit zu widerrufen, indem Sie uns eine E-Mail an <a href=\"mailto:utena@lkw-service.eu\">utena@lkw-service.eu<\/a> senden.<\/li>\n<\/ul>\n\n\n\n<h3 class=\"wp-block-heading\">Datenverantwortlicher<\/h3>\n\n\n\n<p>UAB \u201eLKW Service\u201c<br>Unternehmenscode: 306377961<br>Anschrift: Auk\u0161tai\u010di\u0173 g.\u00a04, LT-28216 Utena<br>E-Mail: <a href=\"mailto:utena@lkw-service.eu\">utena@lkw-service.eu<\/a><\/p>\n","protected":false},"excerpt":{"rendered":"<p>Diese Datenschutzerkl\u00e4rung erl\u00e4utert, wie UAB \u201eLKW Service\u201c Ihre personenbezogenen Daten speichert, verwendet und sch\u00fctzt, wenn Sie unsere Website nutzen und Anfragen \u00fcber das Kontaktformular stellen. Welche Daten speichern wir? Wenn Sie das Kontaktformular auf unserer Website ausf\u00fcllen, \u00fcbermitteln Sie uns folgende personenbezogene Daten: Zu welchem Zweck verwenden wir diese Daten? Die \u00fcbermittelten personenbezogenen Daten werden&hellip;<\/p>\n","protected":false},"author":1,"featured_media":0,"parent":0,"menu_order":0,"comment_status":"closed","ping_status":"closed","template":"","meta":{"footnotes":""},"class_list":["post-341","page","type-page","status-publish","hentry","description-off"],"yoast_head":"<!-- This site is optimized with the Yoast SEO plugin v27.0 - https:\/\/yoast.com\/product\/yoast-seo-wordpress\/ -->\n<title>Datenschutzerkl\u00e4rung - LKW Service<\/title>\n<meta name=\"robots\" content=\"index, follow, max-snippet:-1, max-image-preview:large, max-video-preview:-1\" \/>\n<link rel=\"canonical\" href=\"https:\/\/lkw-service.eu\/de\/datenschutzerklaerung\/\" \/>\n<meta property=\"og:locale\" content=\"de_DE\" \/>\n<meta property=\"og:type\" content=\"article\" \/>\n<meta property=\"og:title\" content=\"Datenschutzerkl\u00e4rung - LKW Service\" \/>\n<meta property=\"og:description\" content=\"Diese Datenschutzerkl\u00e4rung erl\u00e4utert, wie UAB \u201eLKW Service\u201c Ihre personenbezogenen Daten speichert, verwendet und sch\u00fctzt, wenn Sie unsere Website nutzen und Anfragen \u00fcber das Kontaktformular stellen. Welche Daten speichern wir? Wenn Sie das Kontaktformular auf unserer Website ausf\u00fcllen, \u00fcbermitteln Sie uns folgende personenbezogene Daten: Zu welchem Zweck verwenden wir diese Daten? Die \u00fcbermittelten personenbezogenen Daten werden&hellip;\" \/>\n<meta property=\"og:url\" content=\"https:\/\/lkw-service.eu\/de\/datenschutzerklaerung\/\" \/>\n<meta property=\"og:site_name\" content=\"LKW Service\" \/>\n<meta property=\"article:modified_time\" content=\"2025-09-09T17:34:04+00:00\" \/>\n<meta property=\"og:image\" content=\"https:\/\/lkw-service.eu\/wp-content\/uploads\/2025\/07\/20241216_103115.jpg\" \/>\n\t<meta property=\"og:image:width\" content=\"2312\" \/>\n\t<meta property=\"og:image:height\" content=\"1734\" \/>\n\t<meta property=\"og:image:type\" content=\"image\/jpeg\" \/>\n<meta name=\"twitter:card\" content=\"summary_large_image\" \/>\n<meta name=\"twitter:label1\" content=\"Gesch\u00e4tzte Lesezeit\" \/>\n\t<meta name=\"twitter:data1\" content=\"1\u00a0Minute\" \/>\n<script type=\"application\/ld+json\" class=\"yoast-schema-graph\">{\"@context\":\"https:\/\/schema.org\",\"@graph\":[{\"@type\":\"WebPage\",\"@id\":\"https:\/\/lkw-service.eu\/de\/datenschutzerklaerung\/\",\"url\":\"https:\/\/lkw-service.eu\/de\/datenschutzerklaerung\/\",\"name\":\"Datenschutzerkl\u00e4rung - LKW Service\",\"isPartOf\":{\"@id\":\"https:\/\/lkw-service.eu\/#website\"},\"datePublished\":\"2025-07-22T08:15:12+00:00\",\"dateModified\":\"2025-09-09T17:34:04+00:00\",\"breadcrumb\":{\"@id\":\"https:\/\/lkw-service.eu\/de\/datenschutzerklaerung\/#breadcrumb\"},\"inLanguage\":\"de\",\"potentialAction\":[{\"@type\":\"ReadAction\",\"target\":[\"https:\/\/lkw-service.eu\/de\/datenschutzerklaerung\/\"]}]},{\"@type\":\"BreadcrumbList\",\"@id\":\"https:\/\/lkw-service.eu\/de\/datenschutzerklaerung\/#breadcrumb\",\"itemListElement\":[{\"@type\":\"ListItem\",\"position\":1,\"name\":\"Home\",\"item\":\"https:\/\/lkw-service.eu\/de\/\"},{\"@type\":\"ListItem\",\"position\":2,\"name\":\"Datenschutzerkl\u00e4rung\"}]},{\"@type\":\"WebSite\",\"@id\":\"https:\/\/lkw-service.eu\/#website\",\"url\":\"https:\/\/lkw-service.eu\/\",\"name\":\"LKW Service\",\"description\":\"\",\"potentialAction\":[{\"@type\":\"SearchAction\",\"target\":{\"@type\":\"EntryPoint\",\"urlTemplate\":\"https:\/\/lkw-service.eu\/?s={search_term_string}\"},\"query-input\":{\"@type\":\"PropertyValueSpecification\",\"valueRequired\":true,\"valueName\":\"search_term_string\"}}],\"inLanguage\":\"de\"}]}<\/script>\n<!-- \/ Yoast SEO plugin. -->","yoast_head_json":{"title":"Datenschutzerkl\u00e4rung - LKW Service","robots":{"index":"index","follow":"follow","max-snippet":"max-snippet:-1","max-image-preview":"max-image-preview:large","max-video-preview":"max-video-preview:-1"},"canonical":"https:\/\/lkw-service.eu\/de\/datenschutzerklaerung\/","og_locale":"de_DE","og_type":"article","og_title":"Datenschutzerkl\u00e4rung - LKW Service","og_description":"Diese Datenschutzerkl\u00e4rung erl\u00e4utert, wie UAB \u201eLKW Service\u201c Ihre personenbezogenen Daten speichert, verwendet und sch\u00fctzt, wenn Sie unsere Website nutzen und Anfragen \u00fcber das Kontaktformular stellen. Welche Daten speichern wir? Wenn Sie das Kontaktformular auf unserer Website ausf\u00fcllen, \u00fcbermitteln Sie uns folgende personenbezogene Daten: Zu welchem Zweck verwenden wir diese Daten? Die \u00fcbermittelten personenbezogenen Daten werden&hellip;","og_url":"https:\/\/lkw-service.eu\/de\/datenschutzerklaerung\/","og_site_name":"LKW Service","article_modified_time":"2025-09-09T17:34:04+00:00","og_image":[{"width":2312,"height":1734,"url":"https:\/\/lkw-service.eu\/wp-content\/uploads\/2025\/07\/20241216_103115.jpg","type":"image\/jpeg"}],"twitter_card":"summary_large_image","twitter_misc":{"Gesch\u00e4tzte Lesezeit":"1\u00a0Minute"},"schema":{"@context":"https:\/\/schema.org","@graph":[{"@type":"WebPage","@id":"https:\/\/lkw-service.eu\/de\/datenschutzerklaerung\/","url":"https:\/\/lkw-service.eu\/de\/datenschutzerklaerung\/","name":"Datenschutzerkl\u00e4rung - LKW Service","isPartOf":{"@id":"https:\/\/lkw-service.eu\/#website"},"datePublished":"2025-07-22T08:15:12+00:00","dateModified":"2025-09-09T17:34:04+00:00","breadcrumb":{"@id":"https:\/\/lkw-service.eu\/de\/datenschutzerklaerung\/#breadcrumb"},"inLanguage":"de","potentialAction":[{"@type":"ReadAction","target":["https:\/\/lkw-service.eu\/de\/datenschutzerklaerung\/"]}]},{"@type":"BreadcrumbList","@id":"https:\/\/lkw-service.eu\/de\/datenschutzerklaerung\/#breadcrumb","itemListElement":[{"@type":"ListItem","position":1,"name":"Home","item":"https:\/\/lkw-service.eu\/de\/"},{"@type":"ListItem","position":2,"name":"Datenschutzerkl\u00e4rung"}]},{"@type":"WebSite","@id":"https:\/\/lkw-service.eu\/#website","url":"https:\/\/lkw-service.eu\/","name":"LKW Service","description":"","potentialAction":[{"@type":"SearchAction","target":{"@type":"EntryPoint","urlTemplate":"https:\/\/lkw-service.eu\/?s={search_term_string}"},"query-input":{"@type":"PropertyValueSpecification","valueRequired":true,"valueName":"search_term_string"}}],"inLanguage":"de"}]}},"_links":{"self":[{"href":"https:\/\/lkw-service.eu\/de\/wp-json\/wp\/v2\/pages\/341","targetHints":{"allow":["GET"]}}],"collection":[{"href":"https:\/\/lkw-service.eu\/de\/wp-json\/wp\/v2\/pages"}],"about":[{"href":"https:\/\/lkw-service.eu\/de\/wp-json\/wp\/v2\/types\/page"}],"author":[{"embeddable":true,"href":"https:\/\/lkw-service.eu\/de\/wp-json\/wp\/v2\/users\/1"}],"replies":[{"embeddable":true,"href":"https:\/\/lkw-service.eu\/de\/wp-json\/wp\/v2\/comments?post=341"}],"version-history":[{"count":3,"href":"https:\/\/lkw-service.eu\/de\/wp-json\/wp\/v2\/pages\/341\/revisions"}],"predecessor-version":[{"id":399,"href":"https:\/\/lkw-service.eu\/de\/wp-json\/wp\/v2\/pages\/341\/revisions\/399"}],"wp:attachment":[{"href":"https:\/\/lkw-service.eu\/de\/wp-json\/wp\/v2\/media?parent=341"}],"curies":[{"name":"wp","href":"https:\/\/api.w.org\/{rel}","templated":true}]}}